{"id":19740,"date":"2025-08-11T22:46:43","date_gmt":"2025-08-11T20:46:43","guid":{"rendered":"https:\/\/www.nlsfrance.fr\/?page_id=19740"},"modified":"2025-12-16T13:18:46","modified_gmt":"2025-12-16T12:18:46","slug":"oceano-nera","status":"publish","type":"page","link":"https:\/\/www.nlsfrance.com\/en\/oceano-nera\/","title":{"rendered":"OCEANO NERA"},"content":{"rendered":"<div data-elementor-type=\"wp-page\" data-elementor-id=\"19740\" class=\"elementor elementor-19740\">\n\t\t\t\t\t\t<section class=\"elementor-section elementor-top-section elementor-element elementor-element-5a18852 elementor-section-boxed elementor-section-height-default elementor-section-height-default\" data-id=\"5a18852\" data-element_type=\"section\">\n\t\t\t\t\t\t<div class=\"elementor-container elementor-column-gap-default\">\n\t\t\t\t\t<div class=\"elementor-column elementor-col-100 elementor-top-column elementor-element elementor-element-e3f6f67\" data-id=\"e3f6f67\" data-element_type=\"column\">\n\t\t\t<div class=\"elementor-widget-wrap elementor-element-populated\">\n\t\t\t\t\t\t<div class=\"elementor-element elementor-element-5597613 lte-heading-style-header-subheader elementor-widget elementor-widget-lte-header\" data-id=\"5597613\" data-element_type=\"widget\" data-widget_type=\"lte-header.default\">\n\t\t\t\t<div class=\"elementor-widget-container\">\n\t\t\t\t\t<div class=\"lte-heading lte-style-header-subheader lte-subcolor-main heading-tag-h2 heading-subtag-h6\"><div class=\"lte-heading-content\"><h2 class=\"lte-header\">OCEANO NERA<\/h2><\/div><\/div>\t\t\t\t<\/div>\n\t\t\t\t<\/div>\n\t\t\t\t<div class=\"elementor-element elementor-element-6a53bb2 elementor-widget elementor-widget-spacer\" data-id=\"6a53bb2\" data-element_type=\"widget\" data-widget_type=\"spacer.default\">\n\t\t\t\t<div class=\"elementor-widget-container\">\n\t\t\t\t\t\t\t<div class=\"elementor-spacer\">\n\t\t\t<div class=\"elementor-spacer-inner\"><\/div>\n\t\t<\/div>\n\t\t\t\t\t\t<\/div>\n\t\t\t\t<\/div>\n\t\t\t\t\t<\/div>\n\t\t<\/div>\n\t\t\t\t\t<\/div>\n\t\t<\/section>\n\t\t\t\t<section class=\"elementor-section elementor-top-section elementor-element elementor-element-e76da5a elementor-section-boxed elementor-section-height-default elementor-section-height-default\" data-id=\"e76da5a\" data-element_type=\"section\">\n\t\t\t\t\t\t<div class=\"elementor-container elementor-column-gap-default\">\n\t\t\t\t\t<div class=\"elementor-column elementor-col-50 elementor-top-column elementor-element elementor-element-cd9715c\" data-id=\"cd9715c\" data-element_type=\"column\">\n\t\t\t<div class=\"elementor-widget-wrap elementor-element-populated\">\n\t\t\t\t\t\t<div class=\"elementor-element elementor-element-c50753c elementor-widget elementor-widget-image\" data-id=\"c50753c\" data-element_type=\"widget\" data-widget_type=\"image.default\">\n\t\t\t\t<div class=\"elementor-widget-container\">\n\t\t\t\t\t\t\t\t\t\t\t\t\t\t\t<img fetchpriority=\"high\" decoding=\"async\" width=\"1024\" height=\"704\" src=\"https:\/\/www.nlsfrance.com\/wp-content\/uploads\/2025\/08\/11-1024x704.webp\" class=\"attachment-large size-large wp-image-19743\" alt=\"\" srcset=\"https:\/\/www.nlsfrance.com\/wp-content\/uploads\/2025\/08\/11-1024x704.webp 1024w, https:\/\/www.nlsfrance.com\/wp-content\/uploads\/2025\/08\/11-300x206.webp 300w, https:\/\/www.nlsfrance.com\/wp-content\/uploads\/2025\/08\/11-768x528.webp 768w, https:\/\/www.nlsfrance.com\/wp-content\/uploads\/2025\/08\/11-800x550.webp 800w, https:\/\/www.nlsfrance.com\/wp-content\/uploads\/2025\/08\/11-480x330.webp 480w, https:\/\/www.nlsfrance.com\/wp-content\/uploads\/2025\/08\/11-600x413.webp 600w, https:\/\/www.nlsfrance.com\/wp-content\/uploads\/2025\/08\/11.webp 1280w\" sizes=\"(max-width: 1024px) 100vw, 1024px\" \/>\t\t\t\t\t\t\t\t\t\t\t\t\t\t\t<\/div>\n\t\t\t\t<\/div>\n\t\t\t\t<div class=\"elementor-element elementor-element-1a7f366 elementor-widget elementor-widget-spacer\" data-id=\"1a7f366\" data-element_type=\"widget\" data-widget_type=\"spacer.default\">\n\t\t\t\t<div class=\"elementor-widget-container\">\n\t\t\t\t\t\t\t<div class=\"elementor-spacer\">\n\t\t\t<div class=\"elementor-spacer-inner\"><\/div>\n\t\t<\/div>\n\t\t\t\t\t\t<\/div>\n\t\t\t\t<\/div>\n\t\t\t\t\t<\/div>\n\t\t<\/div>\n\t\t\t\t<div class=\"elementor-column elementor-col-50 elementor-top-column elementor-element elementor-element-ed9c0e6\" data-id=\"ed9c0e6\" data-element_type=\"column\">\n\t\t\t<div class=\"elementor-widget-wrap elementor-element-populated\">\n\t\t\t\t\t\t<div class=\"elementor-element elementor-element-baa31c9 elementor-widget elementor-widget-text-editor\" data-id=\"baa31c9\" data-element_type=\"widget\" data-widget_type=\"text-editor.default\">\n\t\t\t\t<div class=\"elementor-widget-container\">\n\t\t\t\t\t\t\t\t\t<div class=\"yacht-card\" style=\"max-width: 600px; border: 1px solid #ddd; border-radius: 8px; padding: 20px; font-family: Arial, sans-serif;\"><h2 style=\"margin-bottom: 5px;\">OCEANO NERA \u2013 Sunseeker 21,70 m<\/h2><ul style=\"list-style: none; padding: 0; margin: 0; line-height: 1.8;\"><li><i class=\"fas fa-map-marker-alt\"><\/i> <strong>Home Port<\/strong> Antibes<\/li><li><i class=\"fas fa-ruler-horizontal\"><\/i> <strong>Length :<\/strong> 21,70 m<\/li><li><i class=\"fas fa-ruler-combined\"><\/i> <strong>Width :<\/strong> 5,00 m<\/li><li><i class=\"fas fa-calendar-alt\"><\/i> <strong>Year of Construction :<\/strong> 2005 \u2014 renovation: 2024<\/li><li><i class=\"fas fa-industry\"><\/i> <strong>Builder:<\/strong> Sunseeker<\/li><li><i class=\"fas fa-water\"><\/i> <strong>Stabilizers at anchor :<\/strong> No<\/li><li><i class=\"fas fa-bed\"><\/i> <strong>3 cabins<\/strong> \u2014 configuration : 2 doubles, 1 double<\/li><li><i class=\"fas fa-user-friends\"><\/i> <strong>Guests (berths):<\/strong> 6<\/li><li><i class=\"fas fa-users\"><\/i> <strong>Guests (cruising):<\/strong> 12<\/li><li><i class=\"fas fa-user-tie\"><\/i> <strong>Total Crew :<\/strong> 2<\/li><li><i class=\"fas fa-gas-pump\"><\/i> <strong>Fuel Consumption :<\/strong> ~250 L\/h<\/li><li><i class=\"fas fa-tachometer-alt\"><\/i> <strong>Cruising Speed :<\/strong> ~20 knots<\/li><li><i class=\"fas fa-tachometer-alt\"><\/i> <strong>Maximum Speed :<\/strong> 35 knots<\/li><li><i class=\"fas fa-anchor\"><\/i> <strong>Toys &amp; equipment :<\/strong> 2 paddle boards, scooter de mer JOBE, \u00e9quipement snorkeling<\/li><\/ul><h4 style=\"margin: 15px 0 10px;\">Rates:<\/h4><ul style=\"list-style: none; padding: 0; margin: 0; line-height: 1.8;\"><li><strong>\u20ac4,400 EXCL. VAT\/day<\/strong> + 40% APA<\/li><li><strong>\u20ac26,400 EXCL. VAT\/week<\/strong> + 40% APA<\/li><\/ul><\/div><p><!-- Font Awesome CDN (if not already loaded) --><\/p>\t\t\t\t\t\t\t\t<\/div>\n\t\t\t\t<\/div>\n\t\t\t\t<div class=\"elementor-element elementor-element-63a8526 elementor-widget elementor-widget-spacer\" data-id=\"63a8526\" data-element_type=\"widget\" data-widget_type=\"spacer.default\">\n\t\t\t\t<div class=\"elementor-widget-container\">\n\t\t\t\t\t\t\t<div class=\"elementor-spacer\">\n\t\t\t<div class=\"elementor-spacer-inner\"><\/div>\n\t\t<\/div>\n\t\t\t\t\t\t<\/div>\n\t\t\t\t<\/div>\n\t\t\t\t<div class=\"elementor-element elementor-element-3908128 elementor-widget__width-initial elementor-widget-mobile__width-initial elementor-widget elementor-widget-lte-button\" data-id=\"3908128\" data-element_type=\"widget\" data-widget_type=\"lte-button.default\">\n\t\t\t\t<div class=\"elementor-widget-container\">\n\t\t\t\t\t<div class=\"lte-btn-wrap\">\r\n\t<a href=\"\"  class=\"lte-btn btn-main color-hover-default\"><span class=\"lte-btn-inner\"><span class=\"lte-btn-before\"><\/span>Book Now<span class=\"lte-btn-after\"><\/span><\/span><\/a><\/div>\t\t\t\t<\/div>\n\t\t\t\t<\/div>\n\t\t\t\t<div class=\"elementor-element elementor-element-15ec9ef elementor-widget elementor-widget-spacer\" data-id=\"15ec9ef\" data-element_type=\"widget\" data-widget_type=\"spacer.default\">\n\t\t\t\t<div class=\"elementor-widget-container\">\n\t\t\t\t\t\t\t<div class=\"elementor-spacer\">\n\t\t\t<div class=\"elementor-spacer-inner\"><\/div>\n\t\t<\/div>\n\t\t\t\t\t\t<\/div>\n\t\t\t\t<\/div>\n\t\t\t\t\t<\/div>\n\t\t<\/div>\n\t\t\t\t\t<\/div>\n\t\t<\/section>\n\t\t\t\t<section class=\"elementor-section elementor-top-section elementor-element elementor-element-a544f6f elementor-section-boxed elementor-section-height-default elementor-section-height-default\" data-id=\"a544f6f\" data-element_type=\"section\">\n\t\t\t\t\t\t<div class=\"elementor-container elementor-column-gap-no\">\n\t\t\t\t\t<div class=\"elementor-column elementor-col-100 elementor-top-column elementor-element elementor-element-a302b31\" data-id=\"a302b31\" data-element_type=\"column\">\n\t\t\t<div class=\"elementor-widget-wrap elementor-element-populated\">\n\t\t\t\t\t\t<div class=\"elementor-element elementor-element-d22acba elementor-widget elementor-widget-spacer\" data-id=\"d22acba\" data-element_type=\"widget\" data-widget_type=\"spacer.default\">\n\t\t\t\t<div class=\"elementor-widget-container\">\n\t\t\t\t\t\t\t<div class=\"elementor-spacer\">\n\t\t\t<div class=\"elementor-spacer-inner\"><\/div>\n\t\t<\/div>\n\t\t\t\t\t\t<\/div>\n\t\t\t\t<\/div>\n\t\t\t\t<div class=\"elementor-element elementor-element-090b04f elementor-widget elementor-widget-spacer\" data-id=\"090b04f\" data-element_type=\"widget\" data-widget_type=\"spacer.default\">\n\t\t\t\t<div class=\"elementor-widget-container\">\n\t\t\t\t\t\t\t<div class=\"elementor-spacer\">\n\t\t\t<div class=\"elementor-spacer-inner\"><\/div>\n\t\t<\/div>\n\t\t\t\t\t\t<\/div>\n\t\t\t\t<\/div>\n\t\t\t\t<div class=\"elementor-element elementor-element-1e7d7eb elementor-arrows-position-inside elementor-pagination-position-outside elementor-widget elementor-widget-image-carousel\" data-id=\"1e7d7eb\" data-element_type=\"widget\" data-settings=\"{&quot;slides_to_show&quot;:&quot;3&quot;,&quot;slides_to_show_tablet&quot;:&quot;2&quot;,&quot;slides_to_show_mobile&quot;:&quot;2&quot;,&quot;slides_to_scroll&quot;:&quot;1&quot;,&quot;lazyload&quot;:&quot;yes&quot;,&quot;image_spacing_custom&quot;:{&quot;unit&quot;:&quot;px&quot;,&quot;size&quot;:10,&quot;sizes&quot;:[]},&quot;image_spacing_custom_mobile&quot;:{&quot;unit&quot;:&quot;px&quot;,&quot;size&quot;:5,&quot;sizes&quot;:[]},&quot;navigation&quot;:&quot;both&quot;,&quot;autoplay&quot;:&quot;yes&quot;,&quot;pause_on_hover&quot;:&quot;yes&quot;,&quot;pause_on_interaction&quot;:&quot;yes&quot;,&quot;autoplay_speed&quot;:5000,&quot;infinite&quot;:&quot;yes&quot;,&quot;speed&quot;:500,&quot;image_spacing_custom_tablet&quot;:{&quot;unit&quot;:&quot;px&quot;,&quot;size&quot;:&quot;&quot;,&quot;sizes&quot;:[]}}\" data-widget_type=\"image-carousel.default\">\n\t\t\t\t<div class=\"elementor-widget-container\">\n\t\t\t\t\t\t\t<div class=\"elementor-image-carousel-wrapper swiper\" role=\"region\" aria-roledescription=\"carousel\" aria-label=\"Carrousel d\u2019images\" dir=\"ltr\">\n\t\t\t<div class=\"elementor-image-carousel swiper-wrapper\" aria-live=\"off\">\n\t\t\t\t\t\t\t\t<div class=\"swiper-slide\" role=\"group\" aria-roledescription=\"slide\" aria-label=\"1 of 9\"><figure class=\"swiper-slide-inner\"><img class=\"swiper-slide-image swiper-lazy\" data-src=\"https:\/\/www.nlsfrance.com\/wp-content\/uploads\/2025\/08\/11-360x360.webp\" alt=\"11\" \/><div class=\"swiper-lazy-preloader\"><\/div><\/figure><\/div><div class=\"swiper-slide\" role=\"group\" aria-roledescription=\"slide\" aria-label=\"2 of 9\"><figure class=\"swiper-slide-inner\"><img class=\"swiper-slide-image swiper-lazy\" data-src=\"https:\/\/www.nlsfrance.com\/wp-content\/uploads\/2025\/08\/Galley-360x360.webp\" alt=\"Galley\" \/><div class=\"swiper-lazy-preloader\"><\/div><\/figure><\/div><div class=\"swiper-slide\" role=\"group\" aria-roledescription=\"slide\" aria-label=\"3 of 9\"><figure class=\"swiper-slide-inner\"><img class=\"swiper-slide-image swiper-lazy\" data-src=\"https:\/\/www.nlsfrance.com\/wp-content\/uploads\/2025\/08\/IMG_5922-360x360.webp\" alt=\"IMG_5922\" \/><div class=\"swiper-lazy-preloader\"><\/div><\/figure><\/div><div class=\"swiper-slide\" role=\"group\" aria-roledescription=\"slide\" aria-label=\"4 of 9\"><figure class=\"swiper-slide-inner\"><img class=\"swiper-slide-image swiper-lazy\" data-src=\"https:\/\/www.nlsfrance.com\/wp-content\/uploads\/2025\/08\/IMG_5938-360x360.webp\" alt=\"IMG_5938\" \/><div class=\"swiper-lazy-preloader\"><\/div><\/figure><\/div><div class=\"swiper-slide\" role=\"group\" aria-roledescription=\"slide\" aria-label=\"5 of 9\"><figure class=\"swiper-slide-inner\"><img class=\"swiper-slide-image swiper-lazy\" data-src=\"https:\/\/www.nlsfrance.com\/wp-content\/uploads\/2025\/08\/salon-2-360x360.webp\" alt=\"salon 2\" \/><div class=\"swiper-lazy-preloader\"><\/div><\/figure><\/div><div class=\"swiper-slide\" role=\"group\" aria-roledescription=\"slide\" aria-label=\"6 of 9\"><figure class=\"swiper-slide-inner\"><img class=\"swiper-slide-image swiper-lazy\" data-src=\"https:\/\/www.nlsfrance.com\/wp-content\/uploads\/2025\/08\/10-360x360.webp\" alt=\"10\" \/><div class=\"swiper-lazy-preloader\"><\/div><\/figure><\/div><div class=\"swiper-slide\" role=\"group\" aria-roledescription=\"slide\" aria-label=\"7 of 9\"><figure class=\"swiper-slide-inner\"><img class=\"swiper-slide-image swiper-lazy\" data-src=\"https:\/\/www.nlsfrance.com\/wp-content\/uploads\/2025\/08\/12-360x360.webp\" alt=\"12\" \/><div class=\"swiper-lazy-preloader\"><\/div><\/figure><\/div><div class=\"swiper-slide\" role=\"group\" aria-roledescription=\"slide\" aria-label=\"8 of 9\"><figure class=\"swiper-slide-inner\"><img class=\"swiper-slide-image swiper-lazy\" data-src=\"https:\/\/www.nlsfrance.com\/wp-content\/uploads\/2025\/08\/DRONE-2-360x360.webp\" alt=\"DRONE 2\" \/><div class=\"swiper-lazy-preloader\"><\/div><\/figure><\/div><div class=\"swiper-slide\" role=\"group\" aria-roledescription=\"slide\" aria-label=\"9 of 9\"><figure class=\"swiper-slide-inner\"><img class=\"swiper-slide-image swiper-lazy\" data-src=\"https:\/\/www.nlsfrance.com\/wp-content\/uploads\/2025\/08\/New-photo-1-360x360.webp\" alt=\"New photo 1\" \/><div class=\"swiper-lazy-preloader\"><\/div><\/figure><\/div>\t\t\t<\/div>\n\t\t\t\t\t\t\t\t\t\t\t\t<div class=\"elementor-swiper-button elementor-swiper-button-prev\" role=\"button\" tabindex=\"0\">\n\t\t\t\t\t\t<i aria-hidden=\"true\" class=\"eicon-chevron-left\"><\/i>\t\t\t\t\t<\/div>\n\t\t\t\t\t<div class=\"elementor-swiper-button elementor-swiper-button-next\" role=\"button\" tabindex=\"0\">\n\t\t\t\t\t\t<i aria-hidden=\"true\" class=\"eicon-chevron-right\"><\/i>\t\t\t\t\t<\/div>\n\t\t\t\t\n\t\t\t\t\t\t\t\t\t<div class=\"swiper-pagination\"><\/div>\n\t\t\t\t\t\t\t\t\t<\/div>\n\t\t\t\t\t\t<\/div>\n\t\t\t\t<\/div>\n\t\t\t\t<div class=\"elementor-element elementor-element-4a93dcb elementor-widget elementor-widget-spacer\" data-id=\"4a93dcb\" data-element_type=\"widget\" data-widget_type=\"spacer.default\">\n\t\t\t\t<div class=\"elementor-widget-container\">\n\t\t\t\t\t\t\t<div class=\"elementor-spacer\">\n\t\t\t<div class=\"elementor-spacer-inner\"><\/div>\n\t\t<\/div>\n\t\t\t\t\t\t<\/div>\n\t\t\t\t<\/div>\n\t\t\t\t<div class=\"elementor-element elementor-element-809acda elementor-widget elementor-widget-spacer\" data-id=\"809acda\" data-element_type=\"widget\" data-widget_type=\"spacer.default\">\n\t\t\t\t<div class=\"elementor-widget-container\">\n\t\t\t\t\t\t\t<div class=\"elementor-spacer\">\n\t\t\t<div class=\"elementor-spacer-inner\"><\/div>\n\t\t<\/div>\n\t\t\t\t\t\t<\/div>\n\t\t\t\t<\/div>\n\t\t\t\t\t<\/div>\n\t\t<\/div>\n\t\t\t\t\t<\/div>\n\t\t<\/section>\n\t\t\t\t<\/div>","protected":false},"excerpt":{"rendered":"<p>OCEANO NERA OCEANO NERA \u2013 Sunseeker 21,70 m Port d\u2019attache : Antibes Longueur : 21,70 m Largeur : 5,00 m Ann\u00e9e de construction : 2005 \u2014 r\u00e9novation : 2024 Constructeur : Sunseeker Stabilisateurs \u00e0 l\u2019ancre : Non 3 cabines \u2014 configuration : 2 doubles, 1 double Invit\u00e9s (couchettes) : 6 Invit\u00e9s (en croisi\u00e8re) : 12 [&hellip;]<\/p>","protected":false},"author":1,"featured_media":0,"parent":0,"menu_order":0,"comment_status":"closed","ping_status":"closed","template":"","meta":{"footnotes":""},"class_list":["post-19740","page","type-page","status-publish","hentry"],"_links":{"self":[{"href":"https:\/\/www.nlsfrance.com\/en\/wp-json\/wp\/v2\/pages\/19740","targetHints":{"allow":["GET"]}}],"collection":[{"href":"https:\/\/www.nlsfrance.com\/en\/wp-json\/wp\/v2\/pages"}],"about":[{"href":"https:\/\/www.nlsfrance.com\/en\/wp-json\/wp\/v2\/types\/page"}],"author":[{"embeddable":true,"href":"https:\/\/www.nlsfrance.com\/en\/wp-json\/wp\/v2\/users\/1"}],"replies":[{"embeddable":true,"href":"https:\/\/www.nlsfrance.com\/en\/wp-json\/wp\/v2\/comments?post=19740"}],"version-history":[{"count":13,"href":"https:\/\/www.nlsfrance.com\/en\/wp-json\/wp\/v2\/pages\/19740\/revisions"}],"predecessor-version":[{"id":20965,"href":"https:\/\/www.nlsfrance.com\/en\/wp-json\/wp\/v2\/pages\/19740\/revisions\/20965"}],"wp:attachment":[{"href":"https:\/\/www.nlsfrance.com\/en\/wp-json\/wp\/v2\/media?parent=19740"}],"curies":[{"name":"wp","href":"https:\/\/api.w.org\/{rel}","templated":true}]}}