{"id":19794,"date":"2025-08-11T23:04:08","date_gmt":"2025-08-11T21:04:08","guid":{"rendered":"https:\/\/www.nlsfrance.fr\/?page_id=19794"},"modified":"2025-12-16T13:20:03","modified_gmt":"2025-12-16T12:20:03","slug":"atraversia","status":"publish","type":"page","link":"https:\/\/www.nlsfrance.com\/en\/atraversia\/","title":{"rendered":"ATRAVERSIA"},"content":{"rendered":"<div data-elementor-type=\"wp-page\" data-elementor-id=\"19794\" class=\"elementor elementor-19794\">\n\t\t\t\t\t\t<section class=\"elementor-section elementor-top-section elementor-element elementor-element-5a18852 elementor-section-boxed elementor-section-height-default elementor-section-height-default\" data-id=\"5a18852\" data-element_type=\"section\">\n\t\t\t\t\t\t<div class=\"elementor-container elementor-column-gap-default\">\n\t\t\t\t\t<div class=\"elementor-column elementor-col-100 elementor-top-column elementor-element elementor-element-e3f6f67\" data-id=\"e3f6f67\" data-element_type=\"column\">\n\t\t\t<div class=\"elementor-widget-wrap elementor-element-populated\">\n\t\t\t\t\t\t<div class=\"elementor-element elementor-element-5597613 lte-heading-style-header-subheader elementor-widget elementor-widget-lte-header\" data-id=\"5597613\" data-element_type=\"widget\" data-widget_type=\"lte-header.default\">\n\t\t\t\t<div class=\"elementor-widget-container\">\n\t\t\t\t\t<div class=\"lte-heading lte-style-header-subheader lte-subcolor-main heading-tag-h2 heading-subtag-h6\"><div class=\"lte-heading-content\"><h2 class=\"lte-header\">ATRAVERSIA<\/h2><\/div><\/div>\t\t\t\t<\/div>\n\t\t\t\t<\/div>\n\t\t\t\t<div class=\"elementor-element elementor-element-6a53bb2 elementor-widget elementor-widget-spacer\" data-id=\"6a53bb2\" data-element_type=\"widget\" data-widget_type=\"spacer.default\">\n\t\t\t\t<div class=\"elementor-widget-container\">\n\t\t\t\t\t\t\t<div class=\"elementor-spacer\">\n\t\t\t<div class=\"elementor-spacer-inner\"><\/div>\n\t\t<\/div>\n\t\t\t\t\t\t<\/div>\n\t\t\t\t<\/div>\n\t\t\t\t\t<\/div>\n\t\t<\/div>\n\t\t\t\t\t<\/div>\n\t\t<\/section>\n\t\t\t\t<section class=\"elementor-section elementor-top-section elementor-element elementor-element-e76da5a elementor-section-boxed elementor-section-height-default elementor-section-height-default\" data-id=\"e76da5a\" data-element_type=\"section\">\n\t\t\t\t\t\t<div class=\"elementor-container elementor-column-gap-default\">\n\t\t\t\t\t<div class=\"elementor-column elementor-col-50 elementor-top-column elementor-element elementor-element-cd9715c\" data-id=\"cd9715c\" data-element_type=\"column\">\n\t\t\t<div class=\"elementor-widget-wrap elementor-element-populated\">\n\t\t\t\t\t\t<div class=\"elementor-element elementor-element-c50753c elementor-widget elementor-widget-image\" data-id=\"c50753c\" data-element_type=\"widget\" data-widget_type=\"image.default\">\n\t\t\t\t<div class=\"elementor-widget-container\">\n\t\t\t\t\t\t\t\t\t\t\t\t\t\t\t<img fetchpriority=\"high\" decoding=\"async\" width=\"1024\" height=\"683\" src=\"https:\/\/www.nlsfrance.com\/wp-content\/uploads\/2019\/06\/7-ATRAVERSIA-VisionF-E-Cat-80-charter-overall-front-view-1-1024x683.webp\" class=\"attachment-large size-large wp-image-19799\" alt=\"\" srcset=\"https:\/\/www.nlsfrance.com\/wp-content\/uploads\/2019\/06\/7-ATRAVERSIA-VisionF-E-Cat-80-charter-overall-front-view-1-1024x683.webp 1024w, https:\/\/www.nlsfrance.com\/wp-content\/uploads\/2019\/06\/7-ATRAVERSIA-VisionF-E-Cat-80-charter-overall-front-view-1-300x200.webp 300w, https:\/\/www.nlsfrance.com\/wp-content\/uploads\/2019\/06\/7-ATRAVERSIA-VisionF-E-Cat-80-charter-overall-front-view-1-768x512.webp 768w, https:\/\/www.nlsfrance.com\/wp-content\/uploads\/2019\/06\/7-ATRAVERSIA-VisionF-E-Cat-80-charter-overall-front-view-1-1536x1024.webp 1536w, https:\/\/www.nlsfrance.com\/wp-content\/uploads\/2019\/06\/7-ATRAVERSIA-VisionF-E-Cat-80-charter-overall-front-view-1-2048x1365.webp 2048w, https:\/\/www.nlsfrance.com\/wp-content\/uploads\/2019\/06\/7-ATRAVERSIA-VisionF-E-Cat-80-charter-overall-front-view-1-800x533.webp 800w, https:\/\/www.nlsfrance.com\/wp-content\/uploads\/2019\/06\/7-ATRAVERSIA-VisionF-E-Cat-80-charter-overall-front-view-1-480x320.webp 480w, https:\/\/www.nlsfrance.com\/wp-content\/uploads\/2019\/06\/7-ATRAVERSIA-VisionF-E-Cat-80-charter-overall-front-view-1-600x400.webp 600w\" sizes=\"(max-width: 1024px) 100vw, 1024px\" \/>\t\t\t\t\t\t\t\t\t\t\t\t\t\t\t<\/div>\n\t\t\t\t<\/div>\n\t\t\t\t<div class=\"elementor-element elementor-element-1a7f366 elementor-widget elementor-widget-spacer\" data-id=\"1a7f366\" data-element_type=\"widget\" data-widget_type=\"spacer.default\">\n\t\t\t\t<div class=\"elementor-widget-container\">\n\t\t\t\t\t\t\t<div class=\"elementor-spacer\">\n\t\t\t<div class=\"elementor-spacer-inner\"><\/div>\n\t\t<\/div>\n\t\t\t\t\t\t<\/div>\n\t\t\t\t<\/div>\n\t\t\t\t\t<\/div>\n\t\t<\/div>\n\t\t\t\t<div class=\"elementor-column elementor-col-50 elementor-top-column elementor-element elementor-element-ed9c0e6\" data-id=\"ed9c0e6\" data-element_type=\"column\">\n\t\t\t<div class=\"elementor-widget-wrap elementor-element-populated\">\n\t\t\t\t\t\t<div class=\"elementor-element elementor-element-baa31c9 elementor-widget elementor-widget-text-editor\" data-id=\"baa31c9\" data-element_type=\"widget\" data-widget_type=\"text-editor.default\">\n\t\t\t\t<div class=\"elementor-widget-container\">\n\t\t\t\t\t\t\t\t\t<div class=\"yacht-card\" style=\"max-width: 600px; border: 1px solid #ddd; border-radius: 8px; padding: 20px; font-family: Arial, sans-serif;\"><h2 style=\"margin-bottom: 5px;\">ATRAVERSIA \u2013 SOLAR-POWERED CATAMARAN<\/h2><p style=\"margin-top: 0; font-style: italic;\">Home Port: Imperia (summer)<\/p><ul style=\"list-style: none; padding: 0; margin: 0; line-height: 1.8;\"><li><i class=\"fas fa-ruler-horizontal\"><\/i> <strong>Length :<\/strong> 23,97 m<\/li><li><i class=\"fas fa-ruler-combined\"><\/i> <strong>Width :<\/strong> 10,92 m<\/li><li><i class=\"fas fa-calendar-alt\"><\/i> <strong>Year of Construction :<\/strong> 2025<\/li><li><i class=\"fas fa-industry\"><\/i> <strong>Builder:<\/strong> Vision F Yacht<\/li><li><i class=\"fas fa-bed\"><\/i> <strong>4 cabins<\/strong> \u2014 1 Master (convertible), 1 VIP (convertible), 1 Double (avec lit pullman), 1 Convertible<\/li><li><i class=\"fas fa-user-friends\"><\/i> <strong>Guests (berths):<\/strong> 9<\/li><li><i class=\"fas fa-users\"><\/i> <strong>Guests (cruising):<\/strong> 12<\/li><li><i class=\"fas fa-user-tie\"><\/i> <strong>Total Crew :<\/strong> 4<\/li><li><i class=\"fas fa-solar-panel\"><\/i> <strong>Consommation :<\/strong> 54 solar panels + 2 generators (56 L\/h at 10 knots, 110 L\/h at 16 knots)<\/li><li><i class=\"fas fa-tachometer-alt\"><\/i> <strong>Cruising Speed :<\/strong> ~10 knots<\/li><li><i class=\"fas fa-tachometer-alt\"><\/i> <strong>Maximum Speed :<\/strong> ~16 knots<\/li><li><i class=\"fas fa-anchor\"><\/i> <strong>Toys &amp; equipment :<\/strong> Tender Highfield Classic 420 Hypalon Arctic (moteur \u00e9lectrique 10.0 T 48V), 2 paddleboards gonflables, 2 Seabob F5S, \u00e9quipement snorkeling <em>(plus de jouets \u00e0 confirmer)<\/em><\/li><li><i class=\"fas fa-dumbbell\"><\/i> <strong>Gym :<\/strong> 1 light electric scooter, 2 bikes<\/li><\/ul><h4 style=\"margin: 15px 0 10px;\">Rates:<\/h4><ul style=\"list-style: none; padding: 0; margin: 0; line-height: 1.8;\"><li><strong>\u20ac10,000 EXCL. VAT\/day<\/strong> (high season) + APA<\/li><li><strong>\u20ac9,000 EXCL. VAT\/day<\/strong> (low season) + APA<\/li><li><strong>\u20ac60,000 EXCL. VAT\/week<\/strong> (high season) + APA<\/li><li><strong>\u20ac 54 000 EXCL. VAT\/week<\/strong> (low season) + APA<\/li><\/ul><\/div>\t\t\t\t\t\t\t\t<\/div>\n\t\t\t\t<\/div>\n\t\t\t\t<div class=\"elementor-element elementor-element-63a8526 elementor-widget elementor-widget-spacer\" data-id=\"63a8526\" data-element_type=\"widget\" data-widget_type=\"spacer.default\">\n\t\t\t\t<div class=\"elementor-widget-container\">\n\t\t\t\t\t\t\t<div class=\"elementor-spacer\">\n\t\t\t<div class=\"elementor-spacer-inner\"><\/div>\n\t\t<\/div>\n\t\t\t\t\t\t<\/div>\n\t\t\t\t<\/div>\n\t\t\t\t<div class=\"elementor-element elementor-element-3908128 elementor-widget__width-initial elementor-widget-mobile__width-initial elementor-widget elementor-widget-lte-button\" data-id=\"3908128\" data-element_type=\"widget\" data-widget_type=\"lte-button.default\">\n\t\t\t\t<div class=\"elementor-widget-container\">\n\t\t\t\t\t<div class=\"lte-btn-wrap\">\r\n\t<a href=\"\"  class=\"lte-btn btn-main color-hover-default\"><span class=\"lte-btn-inner\"><span class=\"lte-btn-before\"><\/span>Book Now<span class=\"lte-btn-after\"><\/span><\/span><\/a><\/div>\t\t\t\t<\/div>\n\t\t\t\t<\/div>\n\t\t\t\t<div class=\"elementor-element elementor-element-15ec9ef elementor-widget elementor-widget-spacer\" data-id=\"15ec9ef\" data-element_type=\"widget\" data-widget_type=\"spacer.default\">\n\t\t\t\t<div class=\"elementor-widget-container\">\n\t\t\t\t\t\t\t<div class=\"elementor-spacer\">\n\t\t\t<div class=\"elementor-spacer-inner\"><\/div>\n\t\t<\/div>\n\t\t\t\t\t\t<\/div>\n\t\t\t\t<\/div>\n\t\t\t\t\t<\/div>\n\t\t<\/div>\n\t\t\t\t\t<\/div>\n\t\t<\/section>\n\t\t\t\t<section class=\"elementor-section elementor-top-section elementor-element elementor-element-a544f6f elementor-section-boxed elementor-section-height-default elementor-section-height-default\" data-id=\"a544f6f\" data-element_type=\"section\">\n\t\t\t\t\t\t<div class=\"elementor-container elementor-column-gap-no\">\n\t\t\t\t\t<div class=\"elementor-column elementor-col-100 elementor-top-column elementor-element elementor-element-a302b31\" data-id=\"a302b31\" data-element_type=\"column\">\n\t\t\t<div class=\"elementor-widget-wrap elementor-element-populated\">\n\t\t\t\t\t\t<div class=\"elementor-element elementor-element-d22acba elementor-widget elementor-widget-spacer\" data-id=\"d22acba\" data-element_type=\"widget\" data-widget_type=\"spacer.default\">\n\t\t\t\t<div class=\"elementor-widget-container\">\n\t\t\t\t\t\t\t<div class=\"elementor-spacer\">\n\t\t\t<div class=\"elementor-spacer-inner\"><\/div>\n\t\t<\/div>\n\t\t\t\t\t\t<\/div>\n\t\t\t\t<\/div>\n\t\t\t\t<div class=\"elementor-element elementor-element-090b04f elementor-widget elementor-widget-spacer\" data-id=\"090b04f\" data-element_type=\"widget\" data-widget_type=\"spacer.default\">\n\t\t\t\t<div class=\"elementor-widget-container\">\n\t\t\t\t\t\t\t<div class=\"elementor-spacer\">\n\t\t\t<div class=\"elementor-spacer-inner\"><\/div>\n\t\t<\/div>\n\t\t\t\t\t\t<\/div>\n\t\t\t\t<\/div>\n\t\t\t\t<div class=\"elementor-element elementor-element-1e7d7eb elementor-arrows-position-inside elementor-pagination-position-outside elementor-widget elementor-widget-image-carousel\" data-id=\"1e7d7eb\" data-element_type=\"widget\" data-settings=\"{&quot;slides_to_show&quot;:&quot;3&quot;,&quot;slides_to_show_tablet&quot;:&quot;2&quot;,&quot;slides_to_show_mobile&quot;:&quot;2&quot;,&quot;slides_to_scroll&quot;:&quot;1&quot;,&quot;lazyload&quot;:&quot;yes&quot;,&quot;image_spacing_custom&quot;:{&quot;unit&quot;:&quot;px&quot;,&quot;size&quot;:10,&quot;sizes&quot;:[]},&quot;image_spacing_custom_mobile&quot;:{&quot;unit&quot;:&quot;px&quot;,&quot;size&quot;:5,&quot;sizes&quot;:[]},&quot;navigation&quot;:&quot;both&quot;,&quot;autoplay&quot;:&quot;yes&quot;,&quot;pause_on_hover&quot;:&quot;yes&quot;,&quot;pause_on_interaction&quot;:&quot;yes&quot;,&quot;autoplay_speed&quot;:5000,&quot;infinite&quot;:&quot;yes&quot;,&quot;speed&quot;:500,&quot;image_spacing_custom_tablet&quot;:{&quot;unit&quot;:&quot;px&quot;,&quot;size&quot;:&quot;&quot;,&quot;sizes&quot;:[]}}\" data-widget_type=\"image-carousel.default\">\n\t\t\t\t<div class=\"elementor-widget-container\">\n\t\t\t\t\t\t\t<div class=\"elementor-image-carousel-wrapper swiper\" role=\"region\" aria-roledescription=\"carousel\" aria-label=\"Carrousel d\u2019images\" dir=\"ltr\">\n\t\t\t<div class=\"elementor-image-carousel swiper-wrapper\" aria-live=\"off\">\n\t\t\t\t\t\t\t\t<div class=\"swiper-slide\" role=\"group\" aria-roledescription=\"slide\" aria-label=\"1 of 18\"><figure class=\"swiper-slide-inner\"><img class=\"swiper-slide-image swiper-lazy\" data-src=\"https:\/\/www.nlsfrance.com\/wp-content\/uploads\/2019\/06\/7-ATRAVERSIA-VisionF-E-Cat-80-charter-overall-front-view-1-360x360.webp\" alt=\"7 ATRAVERSIA VisionF E-Cat 80 charter overall front view\" \/><div class=\"swiper-lazy-preloader\"><\/div><\/figure><\/div><div class=\"swiper-slide\" role=\"group\" aria-roledescription=\"slide\" aria-label=\"2 of 18\"><figure class=\"swiper-slide-inner\"><img class=\"swiper-slide-image swiper-lazy\" data-src=\"https:\/\/www.nlsfrance.com\/wp-content\/uploads\/2019\/06\/3-ATRAVERSIA-VisionF-E-Cat-80-aerial-view-1-360x360.webp\" alt=\"3 ATRAVERSIA VisionF E-Cat 80 aerial view\" \/><div class=\"swiper-lazy-preloader\"><\/div><\/figure><\/div><div class=\"swiper-slide\" role=\"group\" aria-roledescription=\"slide\" aria-label=\"3 of 18\"><figure class=\"swiper-slide-inner\"><img class=\"swiper-slide-image swiper-lazy\" data-src=\"https:\/\/www.nlsfrance.com\/wp-content\/uploads\/2019\/06\/20-ATRAVERSIA-\u2013-VisionF-E-Cat-80-Catamaran-Charter-flybridge-3-1-360x360.webp\" alt=\"20 ATRAVERSIA \u2013 VisionF E-Cat 80 Catamaran Charter flybridge 3\" \/><div class=\"swiper-lazy-preloader\"><\/div><\/figure><\/div><div class=\"swiper-slide\" role=\"group\" aria-roledescription=\"slide\" aria-label=\"4 of 18\"><figure class=\"swiper-slide-inner\"><img class=\"swiper-slide-image swiper-lazy\" data-src=\"https:\/\/www.nlsfrance.com\/wp-content\/uploads\/2019\/06\/22-ATRAVERSIA-\u2013-VisionF-E-Cat-80-Catamaran-Charter-flybridge-4-1-360x360.webp\" alt=\"22 ATRAVERSIA \u2013 VisionF E-Cat 80 Catamaran Charter flybridge 4\" \/><div class=\"swiper-lazy-preloader\"><\/div><\/figure><\/div><div class=\"swiper-slide\" role=\"group\" aria-roledescription=\"slide\" aria-label=\"5 of 18\"><figure class=\"swiper-slide-inner\"><img class=\"swiper-slide-image swiper-lazy\" data-src=\"https:\/\/www.nlsfrance.com\/wp-content\/uploads\/2019\/06\/24-ATRAVERSIA-\u2013-VisionF-E-Cat-80-Catamaran-Charter-flybridge-6-1-360x360.webp\" alt=\"24 ATRAVERSIA \u2013 VisionF E-Cat 80 Catamaran Charter flybridge 6\" \/><div class=\"swiper-lazy-preloader\"><\/div><\/figure><\/div><div class=\"swiper-slide\" role=\"group\" aria-roledescription=\"slide\" aria-label=\"6 of 18\"><figure class=\"swiper-slide-inner\"><img class=\"swiper-slide-image swiper-lazy\" data-src=\"https:\/\/www.nlsfrance.com\/wp-content\/uploads\/2019\/06\/26-ATRAVERSIA-\u2013-VisionF-E-Cat-80-Catamaran-Charter-main-saloon-1-1-360x360.webp\" alt=\"26 ATRAVERSIA \u2013 VisionF E-Cat 80 Catamaran Charter main saloon 1\" \/><div class=\"swiper-lazy-preloader\"><\/div><\/figure><\/div><div class=\"swiper-slide\" role=\"group\" aria-roledescription=\"slide\" aria-label=\"7 of 18\"><figure class=\"swiper-slide-inner\"><img class=\"swiper-slide-image swiper-lazy\" data-src=\"https:\/\/www.nlsfrance.com\/wp-content\/uploads\/2019\/06\/32-ATRAVERSIA-\u2013-VisionF-E-Cat-80-Catamaran-Charter-main-saloon-7-360x360.jpg\" alt=\"32 ATRAVERSIA \u2013 VisionF E-Cat 80 Catamaran Charter main saloon 7\" \/><div class=\"swiper-lazy-preloader\"><\/div><\/figure><\/div><div class=\"swiper-slide\" role=\"group\" aria-roledescription=\"slide\" aria-label=\"8 of 18\"><figure class=\"swiper-slide-inner\"><img class=\"swiper-slide-image swiper-lazy\" data-src=\"https:\/\/www.nlsfrance.com\/wp-content\/uploads\/2019\/06\/33-ATRAVERSIA-\u2013-VisionF-E-Cat-80-Catamaran-Charter-main-saloon-8-360x360.jpg\" alt=\"33 ATRAVERSIA \u2013 VisionF E-Cat 80 Catamaran Charter main saloon 8\" \/><div class=\"swiper-lazy-preloader\"><\/div><\/figure><\/div><div class=\"swiper-slide\" role=\"group\" aria-roledescription=\"slide\" aria-label=\"9 of 18\"><figure class=\"swiper-slide-inner\"><img class=\"swiper-slide-image swiper-lazy\" data-src=\"https:\/\/www.nlsfrance.com\/wp-content\/uploads\/2019\/06\/38-ATRAVERSIA-\u2013-VisionF-E-Cat-80-Catamaran-Charter-Master-cabin-1-360x360.jpg\" alt=\"38 ATRAVERSIA \u2013 VisionF E-Cat 80 Catamaran Charter Master cabin 1\" \/><div class=\"swiper-lazy-preloader\"><\/div><\/figure><\/div><div class=\"swiper-slide\" role=\"group\" aria-roledescription=\"slide\" aria-label=\"10 of 18\"><figure class=\"swiper-slide-inner\"><img class=\"swiper-slide-image swiper-lazy\" data-src=\"https:\/\/www.nlsfrance.com\/wp-content\/uploads\/2019\/06\/40-ATRAVERSIA-\u2013-VisionF-E-Cat-80-Catamaran-Charter-Master-cabin-3-main-1-360x360.webp\" alt=\"40 ATRAVERSIA \u2013 VisionF E-Cat 80 Catamaran Charter Master cabin 3 main\" \/><div class=\"swiper-lazy-preloader\"><\/div><\/figure><\/div><div class=\"swiper-slide\" role=\"group\" aria-roledescription=\"slide\" aria-label=\"11 of 18\"><figure class=\"swiper-slide-inner\"><img class=\"swiper-slide-image swiper-lazy\" data-src=\"https:\/\/www.nlsfrance.com\/wp-content\/uploads\/2019\/06\/42-ATRAVERSIA-\u2013-VisionF-E-Cat-80-Catamaran-Charter-master-cabin-7-1-360x360.webp\" alt=\"42 ATRAVERSIA \u2013 VisionF E-Cat 80 Catamaran Charter master cabin 7\" \/><div class=\"swiper-lazy-preloader\"><\/div><\/figure><\/div><div class=\"swiper-slide\" role=\"group\" aria-roledescription=\"slide\" aria-label=\"12 of 18\"><figure class=\"swiper-slide-inner\"><img class=\"swiper-slide-image swiper-lazy\" data-src=\"https:\/\/www.nlsfrance.com\/wp-content\/uploads\/2019\/06\/43-ATRAVERSIA-\u2013-VisionF-E-Cat-80-Catamaran-Charter-master-cabin-6-vanity-1-360x360.webp\" alt=\"43 ATRAVERSIA \u2013 VisionF E-Cat 80 Catamaran Charter master cabin 6 vanity\" \/><div class=\"swiper-lazy-preloader\"><\/div><\/figure><\/div><div class=\"swiper-slide\" role=\"group\" aria-roledescription=\"slide\" aria-label=\"13 of 18\"><figure class=\"swiper-slide-inner\"><img class=\"swiper-slide-image swiper-lazy\" data-src=\"https:\/\/www.nlsfrance.com\/wp-content\/uploads\/2019\/06\/49-ATRAVERSIA-\u2013-VisionF-E-Cat-80-Catamaran-Charter-cabin-1-bathroom-1-360x360.jpg\" alt=\"49 ATRAVERSIA \u2013 VisionF E-Cat 80 Catamaran Charter cabin 1 bathroom\" \/><div class=\"swiper-lazy-preloader\"><\/div><\/figure><\/div><div class=\"swiper-slide\" role=\"group\" aria-roledescription=\"slide\" aria-label=\"14 of 18\"><figure class=\"swiper-slide-inner\"><img class=\"swiper-slide-image swiper-lazy\" data-src=\"https:\/\/www.nlsfrance.com\/wp-content\/uploads\/2019\/06\/50-ATRAVERSIA-\u2013-VisionF-E-Cat-80-Catamaran-Charter-cabin-2-1-1-360x360.jpg\" alt=\"50 ATRAVERSIA \u2013 VisionF E-Cat 80 Catamaran Charter cabin 2 1\" \/><div class=\"swiper-lazy-preloader\"><\/div><\/figure><\/div><div class=\"swiper-slide\" role=\"group\" aria-roledescription=\"slide\" aria-label=\"15 of 18\"><figure class=\"swiper-slide-inner\"><img class=\"swiper-slide-image swiper-lazy\" data-src=\"https:\/\/www.nlsfrance.com\/wp-content\/uploads\/2019\/06\/51-ATRAVERSIA-\u2013-VisionF-E-Cat-80-Catamaran-Charter-cabin-2-2-1-360x360.webp\" alt=\"51 ATRAVERSIA \u2013 VisionF E-Cat 80 Catamaran Charter cabin 2 2\" \/><div class=\"swiper-lazy-preloader\"><\/div><\/figure><\/div><div class=\"swiper-slide\" role=\"group\" aria-roledescription=\"slide\" aria-label=\"16 of 18\"><figure class=\"swiper-slide-inner\"><img class=\"swiper-slide-image swiper-lazy\" data-src=\"https:\/\/www.nlsfrance.com\/wp-content\/uploads\/2019\/06\/52-ATRAVERSIA-\u2013-VisionF-E-Cat-80-Catamaran-Charter-cabin-2-bathroom-1-360x360.webp\" alt=\"52 ATRAVERSIA \u2013 VisionF E-Cat 80 Catamaran Charter cabin 2 bathroom\" \/><div class=\"swiper-lazy-preloader\"><\/div><\/figure><\/div><div class=\"swiper-slide\" role=\"group\" aria-roledescription=\"slide\" aria-label=\"17 of 18\"><figure class=\"swiper-slide-inner\"><img class=\"swiper-slide-image swiper-lazy\" data-src=\"https:\/\/www.nlsfrance.com\/wp-content\/uploads\/2019\/06\/55-ATRAVERSIA-\u2013-VisionF-E-Cat-80-Catamaran-Charter-cabin-3-3-1-360x360.jpg\" alt=\"55 ATRAVERSIA \u2013 VisionF E-Cat 80 Catamaran Charter cabin 3 3\" \/><div class=\"swiper-lazy-preloader\"><\/div><\/figure><\/div><div class=\"swiper-slide\" role=\"group\" aria-roledescription=\"slide\" aria-label=\"18 of 18\"><figure class=\"swiper-slide-inner\"><img class=\"swiper-slide-image swiper-lazy\" data-src=\"https:\/\/www.nlsfrance.com\/wp-content\/uploads\/2019\/06\/56-ATRAVERSIA-\u2013-VisionF-E-Cat-80-Catamaran-Charter-cabin-3-4-bathroom-1-360x360.jpg\" alt=\"56 ATRAVERSIA \u2013 VisionF E-Cat 80 Catamaran Charter cabin 3 4 bathroom\" \/><div class=\"swiper-lazy-preloader\"><\/div><\/figure><\/div>\t\t\t<\/div>\n\t\t\t\t\t\t\t\t\t\t\t\t<div class=\"elementor-swiper-button elementor-swiper-button-prev\" role=\"button\" tabindex=\"0\">\n\t\t\t\t\t\t<i aria-hidden=\"true\" class=\"eicon-chevron-left\"><\/i>\t\t\t\t\t<\/div>\n\t\t\t\t\t<div class=\"elementor-swiper-button elementor-swiper-button-next\" role=\"button\" tabindex=\"0\">\n\t\t\t\t\t\t<i aria-hidden=\"true\" class=\"eicon-chevron-right\"><\/i>\t\t\t\t\t<\/div>\n\t\t\t\t\n\t\t\t\t\t\t\t\t\t<div class=\"swiper-pagination\"><\/div>\n\t\t\t\t\t\t\t\t\t<\/div>\n\t\t\t\t\t\t<\/div>\n\t\t\t\t<\/div>\n\t\t\t\t<div class=\"elementor-element elementor-element-4a93dcb elementor-widget elementor-widget-spacer\" data-id=\"4a93dcb\" data-element_type=\"widget\" data-widget_type=\"spacer.default\">\n\t\t\t\t<div class=\"elementor-widget-container\">\n\t\t\t\t\t\t\t<div class=\"elementor-spacer\">\n\t\t\t<div class=\"elementor-spacer-inner\"><\/div>\n\t\t<\/div>\n\t\t\t\t\t\t<\/div>\n\t\t\t\t<\/div>\n\t\t\t\t<div class=\"elementor-element elementor-element-809acda elementor-widget elementor-widget-spacer\" data-id=\"809acda\" data-element_type=\"widget\" data-widget_type=\"spacer.default\">\n\t\t\t\t<div class=\"elementor-widget-container\">\n\t\t\t\t\t\t\t<div class=\"elementor-spacer\">\n\t\t\t<div class=\"elementor-spacer-inner\"><\/div>\n\t\t<\/div>\n\t\t\t\t\t\t<\/div>\n\t\t\t\t<\/div>\n\t\t\t\t\t<\/div>\n\t\t<\/div>\n\t\t\t\t\t<\/div>\n\t\t<\/section>\n\t\t\t\t<\/div>","protected":false},"excerpt":{"rendered":"<p>ATRAVERSIA ATRAVERSIA \u2013 Catamaran \u00e0 \u00e9nergie solaire Port d\u2019attache : Imperia (\u00e9t\u00e9) Longueur : 23,97 m Largeur : 10,92 m Ann\u00e9e de construction : 2025 Constructeur : Vision F Yacht 4 cabines \u2014 1 Master (convertible), 1 VIP (convertible), 1 Double (avec lit pullman), 1 Convertible Invit\u00e9s (couchettes) : 9 Invit\u00e9s (en croisi\u00e8re) : 12 [&hellip;]<\/p>","protected":false},"author":1,"featured_media":0,"parent":0,"menu_order":0,"comment_status":"closed","ping_status":"closed","template":"","meta":{"footnotes":""},"class_list":["post-19794","page","type-page","status-publish","hentry"],"_links":{"self":[{"href":"https:\/\/www.nlsfrance.com\/en\/wp-json\/wp\/v2\/pages\/19794","targetHints":{"allow":["GET"]}}],"collection":[{"href":"https:\/\/www.nlsfrance.com\/en\/wp-json\/wp\/v2\/pages"}],"about":[{"href":"https:\/\/www.nlsfrance.com\/en\/wp-json\/wp\/v2\/types\/page"}],"author":[{"embeddable":true,"href":"https:\/\/www.nlsfrance.com\/en\/wp-json\/wp\/v2\/users\/1"}],"replies":[{"embeddable":true,"href":"https:\/\/www.nlsfrance.com\/en\/wp-json\/wp\/v2\/comments?post=19794"}],"version-history":[{"count":10,"href":"https:\/\/www.nlsfrance.com\/en\/wp-json\/wp\/v2\/pages\/19794\/revisions"}],"predecessor-version":[{"id":20971,"href":"https:\/\/www.nlsfrance.com\/en\/wp-json\/wp\/v2\/pages\/19794\/revisions\/20971"}],"wp:attachment":[{"href":"https:\/\/www.nlsfrance.com\/en\/wp-json\/wp\/v2\/media?parent=19794"}],"curies":[{"name":"wp","href":"https:\/\/api.w.org\/{rel}","templated":true}]}}