{"id":21187,"date":"2026-02-12T10:05:34","date_gmt":"2026-02-12T09:05:34","guid":{"rendered":"https:\/\/www.nlsfrance.com\/?page_id=21187"},"modified":"2026-02-12T12:32:20","modified_gmt":"2026-02-12T11:32:20","slug":"book-a-vehicle","status":"publish","type":"page","link":"https:\/\/www.nlsfrance.com\/en\/book-a-vehicle\/","title":{"rendered":"Book a vehicle"},"content":{"rendered":"<div data-elementor-type=\"wp-page\" data-elementor-id=\"21187\" class=\"elementor elementor-21187\">\n\t\t\t\t\t\t<section class=\"elementor-section elementor-top-section elementor-element elementor-element-9233935 elementor-section-boxed elementor-section-height-default elementor-section-height-default\" data-id=\"9233935\" data-element_type=\"section\">\n\t\t\t\t\t\t<div class=\"elementor-container elementor-column-gap-default\">\n\t\t\t\t\t<div class=\"elementor-column elementor-col-100 elementor-top-column elementor-element elementor-element-aa07c06\" data-id=\"aa07c06\" data-element_type=\"column\">\n\t\t\t<div class=\"elementor-widget-wrap elementor-element-populated\">\n\t\t\t\t\t\t<div class=\"elementor-element elementor-element-482504d elementor-widget elementor-widget-html\" data-id=\"482504d\" data-element_type=\"widget\" data-widget_type=\"html.default\">\n\t\t\t\t<div class=\"elementor-widget-container\">\n\t\t\t\t\t<div class=\"wpb_wrapper\">\r\n\t\t\t<h4 style=\"text-align: center;\"><span style=\"color: #cf8e30;\">Get an instant quote and book your chauffeur service for a simple ride or airport transfer<br>\r\n<\/span><\/h4>\r\n<p style=\"text-align: center; color: #cf8e30;\">(10% VAT included in the prices displayed)<\/p>\r\n\r\n\t\t<\/div>\t\t\t\t<\/div>\n\t\t\t\t<\/div>\n\t\t\t\t\t<\/div>\n\t\t<\/div>\n\t\t\t\t\t<\/div>\n\t\t<\/section>\n\t\t\t\t<section class=\"elementor-section elementor-top-section elementor-element elementor-element-ed7fad5 elementor-section-boxed elementor-section-height-default elementor-section-height-default\" data-id=\"ed7fad5\" data-element_type=\"section\">\n\t\t\t\t\t\t<div class=\"elementor-container elementor-column-gap-default\">\n\t\t\t\t\t<div class=\"elementor-column elementor-col-33 elementor-top-column elementor-element elementor-element-b7a75d7\" data-id=\"b7a75d7\" data-element_type=\"column\">\n\t\t\t<div class=\"elementor-widget-wrap elementor-element-populated\">\n\t\t\t\t\t\t<div class=\"elementor-element elementor-element-9a94b31 elementor-widget elementor-widget-html\" data-id=\"9a94b31\" data-element_type=\"widget\" data-widget_type=\"html.default\">\n\t\t\t\t<div class=\"elementor-widget-container\">\n\t\t\t\t\t<div class=\"wpb_wrapper\">\r\n\t\t\t<h5 style=\"text-align: center;\"><span style=\"color: #cf8e30;\">Some precisions for your future booking<\/span><\/h5>\r\n<p style=\"text-align: center;\"><strong>Meet and Greet<\/strong> : This Service is included in the price &gt;&gt; The driver receives the passenger (s) after exiting the baggage (for an airport) and in the station hall (for a train) with a name sign. The following is charged: the reception of the passenger (s) leaving the plane with priority passage for the various controls.<\/p>\r\n\r\n\t\t<\/div>\t\t\t\t<\/div>\n\t\t\t\t<\/div>\n\t\t\t\t\t<\/div>\n\t\t<\/div>\n\t\t\t\t<div class=\"elementor-column elementor-col-66 elementor-top-column elementor-element elementor-element-2a7d071\" data-id=\"2a7d071\" data-element_type=\"column\">\n\t\t\t<div class=\"elementor-widget-wrap elementor-element-populated\">\n\t\t\t\t\t\t<div class=\"elementor-element elementor-element-e09ebb1 elementor-widget elementor-widget-shortcode\" data-id=\"e09ebb1\" data-element_type=\"widget\" data-widget_type=\"shortcode.default\">\n\t\t\t\t<div class=\"elementor-widget-container\">\n\t\t\t\t\t\t\t<div class=\"elementor-shortcode\">\n\n<iframe id=\"myIframe\" src=\"https:\/\/app.nlsfrance.com\/step1.php?k=59b0a8ecb582770daf87bb2325ae0c74&amp;s=f&amp;d=pp&amp;lng=gb\" width=\"100%\" min-width=\"100%\" height=\"650px\" frameborder=\"0\" scrolling=\"yes\" style=\"overflow: hidden; height: 726px;\"><\/iframe>\n\n<\/div>\n\t\t\t\t\t\t<\/div>\n\t\t\t\t<\/div>\n\t\t\t\t\t<\/div>\n\t\t<\/div>\n\t\t\t\t\t<\/div>\n\t\t<\/section>\n\t\t\t\t<\/div>","protected":false},"excerpt":{"rendered":"<p>Obtenez un devis instantan\u00e9 et r\u00e9servez votre service de chauffeur pour un trajet simple ou un transfert a\u00e9roport (TVA 10% incluse dans les prix affich\u00e9s) Quelques pr\u00e9cisions pour votre futur r\u00e9servation Meet and Greet : Ce Service est inclus dans le prix &gt;&gt; Le chauffeur r\u00e9ceptionne le\/les passagers apr\u00e8s la sortie bagages (pour un a\u00e9roport) [&hellip;]<\/p>","protected":false},"author":1,"featured_media":0,"parent":0,"menu_order":0,"comment_status":"closed","ping_status":"closed","template":"","meta":{"footnotes":""},"class_list":["post-21187","page","type-page","status-publish","hentry"],"_links":{"self":[{"href":"https:\/\/www.nlsfrance.com\/en\/wp-json\/wp\/v2\/pages\/21187","targetHints":{"allow":["GET"]}}],"collection":[{"href":"https:\/\/www.nlsfrance.com\/en\/wp-json\/wp\/v2\/pages"}],"about":[{"href":"https:\/\/www.nlsfrance.com\/en\/wp-json\/wp\/v2\/types\/page"}],"author":[{"embeddable":true,"href":"https:\/\/www.nlsfrance.com\/en\/wp-json\/wp\/v2\/users\/1"}],"replies":[{"embeddable":true,"href":"https:\/\/www.nlsfrance.com\/en\/wp-json\/wp\/v2\/comments?post=21187"}],"version-history":[{"count":11,"href":"https:\/\/www.nlsfrance.com\/en\/wp-json\/wp\/v2\/pages\/21187\/revisions"}],"predecessor-version":[{"id":21231,"href":"https:\/\/www.nlsfrance.com\/en\/wp-json\/wp\/v2\/pages\/21187\/revisions\/21231"}],"wp:attachment":[{"href":"https:\/\/www.nlsfrance.com\/en\/wp-json\/wp\/v2\/media?parent=21187"}],"curies":[{"name":"wp","href":"https:\/\/api.w.org\/{rel}","templated":true}]}}