{"id":21189,"date":"2026-02-12T10:04:47","date_gmt":"2026-02-12T09:04:47","guid":{"rendered":"https:\/\/www.nlsfrance.com\/?page_id=21189"},"modified":"2026-02-12T12:30:45","modified_gmt":"2026-02-12T11:30:45","slug":"book-for-hours","status":"publish","type":"page","link":"https:\/\/www.nlsfrance.com\/en\/book-for-hours\/","title":{"rendered":"Book for hours"},"content":{"rendered":"<div data-elementor-type=\"wp-page\" data-elementor-id=\"21189\" class=\"elementor elementor-21189\">\n\t\t\t\t\t\t<section class=\"elementor-section elementor-top-section elementor-element elementor-element-2bb0621 elementor-section-boxed elementor-section-height-default elementor-section-height-default\" data-id=\"2bb0621\" data-element_type=\"section\">\n\t\t\t\t\t\t<div class=\"elementor-container elementor-column-gap-default\">\n\t\t\t\t\t<div class=\"elementor-column elementor-col-100 elementor-top-column elementor-element elementor-element-354fbb8\" data-id=\"354fbb8\" data-element_type=\"column\">\n\t\t\t<div class=\"elementor-widget-wrap elementor-element-populated\">\n\t\t\t\t\t\t<div class=\"elementor-element elementor-element-2b860af elementor-widget elementor-widget-html\" data-id=\"2b860af\" data-element_type=\"widget\" data-widget_type=\"html.default\">\n\t\t\t\t<div class=\"elementor-widget-container\">\n\t\t\t\t\t<div class=\"wpb_wrapper\">\r\n\t\t\t<h4 style=\"text-align: center;\"><span style=\"color: #cf8e30;\"><span class=\"tlid-translation translation\" lang=\"fr\"><span class=\"\" title=\"\">Our chauffeur service by the hour \u2013 Book a private driver for a few hours or a whole day<\/span><\/span><\/span><\/h4>\r\n<p style=\"text-align: center; color: #cf8e30;\">(20% VAT included in the prices displayed)<\/p>\r\n\r\n\t\t<\/div>\t\t\t\t<\/div>\n\t\t\t\t<\/div>\n\t\t\t\t\t<\/div>\n\t\t<\/div>\n\t\t\t\t\t<\/div>\n\t\t<\/section>\n\t\t\t\t<section class=\"elementor-section elementor-top-section elementor-element elementor-element-070ad67 elementor-section-boxed elementor-section-height-default elementor-section-height-default\" data-id=\"070ad67\" data-element_type=\"section\">\n\t\t\t\t\t\t<div class=\"elementor-container elementor-column-gap-default\">\n\t\t\t\t\t<div class=\"elementor-column elementor-col-33 elementor-top-column elementor-element elementor-element-be5c1eb\" data-id=\"be5c1eb\" data-element_type=\"column\">\n\t\t\t<div class=\"elementor-widget-wrap elementor-element-populated\">\n\t\t\t\t\t\t<div class=\"elementor-element elementor-element-ebe5012 elementor-widget elementor-widget-html\" data-id=\"ebe5012\" data-element_type=\"widget\" data-widget_type=\"html.default\">\n\t\t\t\t<div class=\"elementor-widget-container\">\n\t\t\t\t\t<div class=\"wpb_wrapper\">\r\n\t\t\t<h5 style=\"text-align: center;\"><span style=\"color: #cf8e30;\">Some precisions for your future booking<\/span><\/h5>\r\n<p style=\"text-align: center;\"><strong>Hourly service<\/strong> : By choosing this service, the vehicle must return to its pick-up point. If not, additional km may be charged. Reminder: a 25 km deductible is included in each hour booked.<\/p>\r\n<p style=\"text-align: center;\"><strong>Driver\u2019s meal<\/strong> : A meal of 25 \u20ac will be invoiced if the mission takes place between 12 p.m. and 2 p.m. and \/ or from 7 p.m. to 9 p.m.<\/p>\r\n<p style=\"text-align: center;\"><strong>Meet and Greet<\/strong> : This Service is included in the price &gt;&gt; The driver receives the passenger (s) after exiting the baggage (for an airport) and in the station hall (for a train) with a name sign. The following is charged: the reception of the passenger (s) leaving the plane with priority passage for the various controls.<\/p>\r\n\r\n\t\t<\/div>\t\t\t\t<\/div>\n\t\t\t\t<\/div>\n\t\t\t\t\t<\/div>\n\t\t<\/div>\n\t\t\t\t<div class=\"elementor-column elementor-col-66 elementor-top-column elementor-element elementor-element-1635a6d\" data-id=\"1635a6d\" data-element_type=\"column\">\n\t\t\t<div class=\"elementor-widget-wrap elementor-element-populated\">\n\t\t\t\t\t\t<div class=\"elementor-element elementor-element-01eda94 elementor-widget elementor-widget-shortcode\" data-id=\"01eda94\" data-element_type=\"widget\" data-widget_type=\"shortcode.default\">\n\t\t\t\t<div class=\"elementor-widget-container\">\n\t\t\t\t\t\t\t<div class=\"elementor-shortcode\">\n\n<iframe id=\"myIframe\" src=\"https:\/\/app.nlsfrance.com\/step1.php?k=59b0a8ecb582770daf87bb2325ae0c74&amp;s=f&amp;d=pp&amp;lng=gb&amp;hr=true\" width=\"100%\" min-width=\"100%\" height=\"650px\" frameborder=\"0\" scrolling=\"yes\" style=\"overflow: hidden; height: 832px;\"><\/iframe>\n\n<\/div>\n\t\t\t\t\t\t<\/div>\n\t\t\t\t<\/div>\n\t\t\t\t\t<\/div>\n\t\t<\/div>\n\t\t\t\t\t<\/div>\n\t\t<\/section>\n\t\t\t\t<\/div>","protected":false},"excerpt":{"rendered":"<p>Notre service de chauffeur \u00e0 l\u2019heure \u2013 R\u00e9servez un chauffeur priv\u00e9 pour quelques heures ou une journ\u00e9e (TVA 20% incluse dans les prix affich\u00e9s) Quelques pr\u00e9cisions pour votre futur r\u00e9servation Hourly service : En choisissant ce service, le v\u00e9hicule doit revenir \u00e0 son point de prise en charge. Si ce n\u2019est pas le cas, les [&hellip;]<\/p>","protected":false},"author":1,"featured_media":0,"parent":0,"menu_order":0,"comment_status":"closed","ping_status":"closed","template":"","meta":{"footnotes":""},"class_list":["post-21189","page","type-page","status-publish","hentry"],"_links":{"self":[{"href":"https:\/\/www.nlsfrance.com\/en\/wp-json\/wp\/v2\/pages\/21189","targetHints":{"allow":["GET"]}}],"collection":[{"href":"https:\/\/www.nlsfrance.com\/en\/wp-json\/wp\/v2\/pages"}],"about":[{"href":"https:\/\/www.nlsfrance.com\/en\/wp-json\/wp\/v2\/types\/page"}],"author":[{"embeddable":true,"href":"https:\/\/www.nlsfrance.com\/en\/wp-json\/wp\/v2\/users\/1"}],"replies":[{"embeddable":true,"href":"https:\/\/www.nlsfrance.com\/en\/wp-json\/wp\/v2\/comments?post=21189"}],"version-history":[{"count":10,"href":"https:\/\/www.nlsfrance.com\/en\/wp-json\/wp\/v2\/pages\/21189\/revisions"}],"predecessor-version":[{"id":21228,"href":"https:\/\/www.nlsfrance.com\/en\/wp-json\/wp\/v2\/pages\/21189\/revisions\/21228"}],"wp:attachment":[{"href":"https:\/\/www.nlsfrance.com\/en\/wp-json\/wp\/v2\/media?parent=21189"}],"curies":[{"name":"wp","href":"https:\/\/api.w.org\/{rel}","templated":true}]}}